{"id":142,"date":"2020-06-03T14:02:50","date_gmt":"2020-06-03T14:02:50","guid":{"rendered":"http:\/\/quellfisch-bruchsal.de\/?page_id=142"},"modified":"2023-05-24T09:56:32","modified_gmt":"2023-05-24T09:56:32","slug":"startseite","status":"publish","type":"page","link":"https:\/\/quellfisch-bruchsal.de\/","title":{"rendered":"Quellfisch Bruchsal &#8211; Ihre Fischz\u00fcchterei in Bruchsal"},"content":{"rendered":"<h1>Herzlich Willkommen auf unserer Homepage!<\/h1>\n<p>Seit 2019 betreibe ich am Ortsausgang Bruchsal, Richtung Untergrombach, eine hochwertige Fischzuchtanlage mit frischem Quellwasser.<\/p>\n<p>Mein Team und ich bieten selbstgez\u00fcchtete Regenbogenforellen, Lachsforellen und Saiblinge zum Verzehr. Um das Sortiment abzurunden, kaufen wir weitere Fischarten, h\u00f6chster Qualit\u00e4t, zu. Die daraus entstehenden Produkte werden von uns, in unserer eigenen Fischk\u00fcche, nach allen hygienischen Standards hergestellt.<\/p>\n<p>Hochwertige Futtermittel und die Reinigung unserer Naturteichanlage auf dem neuesten Stand der Technik garantieren eine sehr geringe Umweltbelastung und Produkte nach Bio-Qualit\u00e4t.<\/p>\n<p>Umweltschutz und Nachhaltigkeit ist uns eine Herzensangelegenheit. In unserer t\u00e4glichen Arbeit sp\u00fcren wir diverse Auswirkungen des Klimawandels. Entsprechend schnell und agil m\u00fcssen wir handeln, um unsere Zuchttiere und die Anlage stabil zu halten. Dies tun wir mit ganzem Herzen.<\/p>\n<p>Sollten Sie Fragen haben oder bestellen wollen, stehen wir Ihnen mit den Kontaktdaten auf unserer <a href=\"http:\/\/quellfisch-bruchsal.de\/?page_id=115\">Bestellseite<\/a> zur Verf\u00fcgung.<\/p>\n<p>Besuchen Sie uns auf unserem sch\u00f6n angelegten Gel\u00e4nde, wir freuen uns auf Sie,<\/p>\n<p>Ihr Team Quellfisch-Bruchsal<\/p>\n<p>&nbsp;<\/p>\n<p><span class=\"copyright\">Copyright 2023 <\/span><span class=\"copyright\"><a href=\"http:\/\/www.quellfisch-bruchsal.de\">www.quellfisch-bruchsal.de<\/a><\/span> <span class=\"copyright\"><a href=\"http:\/\/quellfisch-bruchsal.de\/?page_id=60\">Impressum<\/a><\/span><span class=\"copyright\">| <\/span><span class=\"copyright\"><a href=\"http:\/\/quellfisch-bruchsal.de\/?page_id=60\">Datenschutz<\/a><\/span><span class=\"copyright\"> | <\/span><span class=\"copyright\"><a href=\"http:\/\/quellfisch-bruchsal.de\/?page_id=60\">Haftungsauschluss<\/a><\/span><\/p>\n","protected":false},"excerpt":{"rendered":"<p>Herzlich Willkommen auf unserer Homepage! Seit 2019 betreibe ich am Ortsausgang Bruchsal, Richtung Untergrombach, eine hochwertige Fischzuchtanlage mit frischem Quellwasser. Mein Team und ich bieten selbstgez\u00fcchtete Regenbogenforellen, Lachsforellen und Saiblinge zum Verzehr. Um das Sortiment abzurunden, kaufen wir weitere Fischarten, h\u00f6chster Qualit\u00e4t, zu. Die daraus entstehenden Produkte werden von uns, in unserer eigenen Fischk\u00fcche, nach [&hellip;]<\/p>\n","protected":false},"author":1,"featured_media":80,"parent":0,"menu_order":0,"comment_status":"closed","ping_status":"closed","template":"","meta":{"footnotes":""},"jetpack_sharing_enabled":true,"_links":{"self":[{"href":"https:\/\/quellfisch-bruchsal.de\/index.php?rest_route=\/wp\/v2\/pages\/142"}],"collection":[{"href":"https:\/\/quellfisch-bruchsal.de\/index.php?rest_route=\/wp\/v2\/pages"}],"about":[{"href":"https:\/\/quellfisch-bruchsal.de\/index.php?rest_route=\/wp\/v2\/types\/page"}],"author":[{"embeddable":true,"href":"https:\/\/quellfisch-bruchsal.de\/index.php?rest_route=\/wp\/v2\/users\/1"}],"replies":[{"embeddable":true,"href":"https:\/\/quellfisch-bruchsal.de\/index.php?rest_route=%2Fwp%2Fv2%2Fcomments&post=142"}],"version-history":[{"count":30,"href":"https:\/\/quellfisch-bruchsal.de\/index.php?rest_route=\/wp\/v2\/pages\/142\/revisions"}],"predecessor-version":[{"id":307,"href":"https:\/\/quellfisch-bruchsal.de\/index.php?rest_route=\/wp\/v2\/pages\/142\/revisions\/307"}],"wp:featuredmedia":[{"embeddable":true,"href":"https:\/\/quellfisch-bruchsal.de\/index.php?rest_route=\/wp\/v2\/media\/80"}],"wp:attachment":[{"href":"https:\/\/quellfisch-bruchsal.de\/index.php?rest_route=%2Fwp%2Fv2%2Fmedia&parent=142"}],"curies":[{"name":"wp","href":"https:\/\/api.w.org\/{rel}","templated":true}]}}