{"id":84,"date":"2020-06-03T10:11:42","date_gmt":"2020-06-03T10:11:42","guid":{"rendered":"http:\/\/quellfisch-bruchsal.de\/?page_id=84"},"modified":"2023-05-24T09:52:43","modified_gmt":"2023-05-24T09:52:43","slug":"oeffnungszeiten","status":"publish","type":"page","link":"https:\/\/quellfisch-bruchsal.de\/?page_id=84","title":{"rendered":"\u00d6ffnungszeiten"},"content":{"rendered":"<p style=\"text-align: center;\">Mo: Geschlossen<br \/>\nDi: 13:00\u201317:00 Uhr<br \/>\nMi: 13:30\u201317:00 Uhr<br \/>\nDo: 08:00\u201317:00 Uhr<br \/>\nFr: 08:00\u201317:00 Uhr<br \/>\nSa: 10:00\u201314:00 Uhr<br \/>\nSo: Geschlossen<\/p>\n<p style=\"text-align: center;\"><strong>Mittwochs<\/strong> und <strong>samstags<\/strong> finden Sie uns zus\u00e4tzlich auf dem <strong>Bruchsaler Wochenmarkt!<\/strong><\/p>\n<p style=\"text-align: center;\">Kommen Sie vorbei und probieren Sie direkt an unserem Stand!<\/p>\n<p style=\"text-align: center;\">Woche f\u00fcr Woche haben wir tolle Angebote f\u00fcr Sie.<\/p>\n<p>&nbsp;<\/p>\n<p><span class=\"copyright\">Copyright 2023 <\/span><span class=\"copyright\"><a href=\"http:\/\/www.quellfisch-bruchsal.de\">www.quellfisch-bruchsal.de<\/a><\/span> <span class=\"copyright\"><a href=\"http:\/\/quellfisch-bruchsal.de\/?page_id=60\">Impressum<\/a><\/span><span class=\"copyright\">| <\/span><span class=\"copyright\"><a href=\"http:\/\/quellfisch-bruchsal.de\/?page_id=60\">Datenschutz<\/a><\/span><span class=\"copyright\"> | <\/span><span class=\"copyright\"><a href=\"http:\/\/quellfisch-bruchsal.de\/?page_id=60\">Haftungsauschluss<\/a><\/span><\/p>\n","protected":false},"excerpt":{"rendered":"<p>Mo: Geschlossen Di: 13:00\u201317:00 Uhr Mi: 13:30\u201317:00 Uhr Do: 08:00\u201317:00 Uhr Fr: 08:00\u201317:00 Uhr Sa: 10:00\u201314:00 Uhr So: Geschlossen Mittwochs und samstags finden Sie uns zus\u00e4tzlich auf dem Bruchsaler Wochenmarkt! Kommen Sie vorbei und probieren Sie direkt an unserem Stand! Woche f\u00fcr Woche haben wir tolle Angebote f\u00fcr Sie. &nbsp; Copyright 2023 www.quellfisch-bruchsal.de Impressum| Datenschutz [&hellip;]<\/p>\n","protected":false},"author":1,"featured_media":39,"parent":0,"menu_order":0,"comment_status":"closed","ping_status":"closed","template":"","meta":{"footnotes":""},"jetpack_sharing_enabled":true,"_links":{"self":[{"href":"https:\/\/quellfisch-bruchsal.de\/index.php?rest_route=\/wp\/v2\/pages\/84"}],"collection":[{"href":"https:\/\/quellfisch-bruchsal.de\/index.php?rest_route=\/wp\/v2\/pages"}],"about":[{"href":"https:\/\/quellfisch-bruchsal.de\/index.php?rest_route=\/wp\/v2\/types\/page"}],"author":[{"embeddable":true,"href":"https:\/\/quellfisch-bruchsal.de\/index.php?rest_route=\/wp\/v2\/users\/1"}],"replies":[{"embeddable":true,"href":"https:\/\/quellfisch-bruchsal.de\/index.php?rest_route=%2Fwp%2Fv2%2Fcomments&post=84"}],"version-history":[{"count":8,"href":"https:\/\/quellfisch-bruchsal.de\/index.php?rest_route=\/wp\/v2\/pages\/84\/revisions"}],"predecessor-version":[{"id":310,"href":"https:\/\/quellfisch-bruchsal.de\/index.php?rest_route=\/wp\/v2\/pages\/84\/revisions\/310"}],"wp:featuredmedia":[{"embeddable":true,"href":"https:\/\/quellfisch-bruchsal.de\/index.php?rest_route=\/wp\/v2\/media\/39"}],"wp:attachment":[{"href":"https:\/\/quellfisch-bruchsal.de\/index.php?rest_route=%2Fwp%2Fv2%2Fmedia&parent=84"}],"curies":[{"name":"wp","href":"https:\/\/api.w.org\/{rel}","templated":true}]}}